{"id":11161,"date":"2020-09-20T08:12:25","date_gmt":"2020-09-20T06:12:25","guid":{"rendered":"https:\/\/polovnemasine.rs\/?page_id=11161"},"modified":"2025-07-04T10:16:37","modified_gmt":"2025-07-04T08:16:37","slug":"contact","status":"publish","type":"page","link":"https:\/\/polovnemasine.rs\/en\/contact\/","title":{"rendered":"Contact"},"content":{"rendered":"<p>Contact position of the company <a href=\"https:\/\/www.youtube.com\/watch?v=4ElOM6uH2i0\">&#8220;Apocalypse&#8221; LLC<\/a>, Ma\u010dvanska Mitrovica.<\/p>\n<p><strong>PIB: 100794940<\/strong><br \/>\n<strong>Company registration number: 08467714<\/strong><br \/>\nAddress: Serbia, Ma\u010dvanska Mitrovica, \u017darka Vu\u010dini\u0107a street no.32<br \/>\nTel: +381 22 624479 (office)<br \/>\n+381 63 644199 (sales person)<\/p>\n<p><a href=\"https:\/\/polovnemasine.rs\/wp-content\/uploads\/2021\/10\/Kontakt-Apokalipsa-e1747893469862.jpg\"><img loading=\"lazy\" decoding=\"async\" src=\"https:\/\/polovnemasine.rs\/wp-content\/uploads\/2021\/10\/Kontakt-Apokalipsa-e1747893469862.jpg\" alt=\"Contact - Apokalipsa\" width=\"710\" height=\"533\" class=\"aligncenter size-full wp-image-53307\" srcset=\"https:\/\/polovnemasine.rs\/wp-content\/uploads\/2021\/10\/Kontakt-Apokalipsa-e1747893469862.jpg 710w, https:\/\/polovnemasine.rs\/wp-content\/uploads\/2021\/10\/Kontakt-Apokalipsa-e1747893469862-400x300.jpg 400w, https:\/\/polovnemasine.rs\/wp-content\/uploads\/2021\/10\/Kontakt-Apokalipsa-e1747893469862-200x150.jpg 200w\" sizes=\"auto, (max-width: 710px) 100vw, 710px\" \/><\/a><\/p>\n<p>\u201cApocalypse\u201d LLC has over 2,500 used, refurbished machines in stock. Machines are mostly Italian made, of iron cast. We offer complete lines for the production of wooden boxes of the Corali brand. Comprehensive production line for: furniture, pellets, pallets, wooden doors and windows, as well as parquet. machines are in very good condition and can be tested in operation. Transport is at the client\u2019s expense, but will be loaded into the client\u2019s transport vehicle free of charge, after the purchase in our company.  Connected to the E-70 (A3) highway, and there is also a customs office in the port, on the Sava River. You can contact us by e-mail, or phone +38122624479<\/p>\n","protected":false},"excerpt":{"rendered":"<p>Contact position of the company &#8220;Apocalypse&#8221; LLC, Ma\u010dvanska Mitrovica. PIB: 100794940 Company registration number: 08467714 Address: Serbia, Ma\u010dvanska Mitrovica, \u017darka Vu\u010dini\u0107a street no.32 Tel: +381 22 624479 (office) +381 63 644199 (sales person) \u201cApocalypse\u201d LLC has over 2,500 used, refurbished machines in stock. Machines are mostly Italian made, of iron cast. We offer complete lines [&hellip;]<\/p>\n","protected":false},"author":2,"featured_media":53307,"parent":0,"menu_order":0,"comment_status":"closed","ping_status":"closed","template":"","meta":{"_acf_changed":false,"footnotes":""},"class_list":["post-11161","page","type-page","status-publish","has-post-thumbnail"],"acf":[],"yoast_head":"<!-- This site is optimized with the Yoast SEO plugin v27.5 - https:\/\/yoast.com\/product\/yoast-seo-wordpress\/ -->\n<title>Contact position | Apocalypse LLC.<\/title>\n<meta name=\"description\" content=\"Contact | Ma\u010dvanska Mitrovica, \u017darka Vu\u010dini\u0107a 32b, Serbia. | Apokalipsa LLC - Over 2.500 used machines, imported from Italy, in stock.\" \/>\n<meta name=\"robots\" content=\"index, follow, max-snippet:-1, max-image-preview:large, max-video-preview:-1\" \/>\n<link rel=\"canonical\" href=\"https:\/\/polovnemasine.rs\/en\/contact\/\" \/>\n<meta property=\"og:locale\" content=\"en_US\" \/>\n<meta property=\"og:type\" content=\"article\" \/>\n<meta property=\"og:title\" content=\"Contact position | Apocalypse LLC.\" \/>\n<meta property=\"og:description\" content=\"Contact | Ma\u010dvanska Mitrovica, \u017darka Vu\u010dini\u0107a 32b, Serbia. | Apokalipsa LLC - Over 2.500 used machines, imported from Italy, in stock.\" \/>\n<meta property=\"og:url\" content=\"https:\/\/polovnemasine.rs\/en\/contact\/\" \/>\n<meta property=\"og:site_name\" content=\"Apokalipsa\" \/>\n<meta property=\"article:publisher\" content=\"https:\/\/www.facebook.com\/MarketingMasina\" \/>\n<meta property=\"article:modified_time\" content=\"2025-07-04T08:16:37+00:00\" \/>\n<meta property=\"og:image\" content=\"https:\/\/polovnemasine.rs\/wp-content\/uploads\/2021\/10\/Kontakt-Apokalipsa-e1747893469862.jpg\" \/>\n\t<meta property=\"og:image:width\" content=\"710\" \/>\n\t<meta property=\"og:image:height\" content=\"533\" \/>\n\t<meta property=\"og:image:type\" content=\"image\/jpeg\" \/>\n<meta name=\"twitter:card\" content=\"summary_large_image\" \/>\n<meta name=\"twitter:label1\" content=\"Est. reading time\" \/>\n\t<meta name=\"twitter:data1\" content=\"1 minute\" \/>\n<script type=\"application\/ld+json\" class=\"yoast-schema-graph\">{\"@context\":\"https:\\\/\\\/schema.org\",\"@graph\":[{\"@type\":\"WebPage\",\"@id\":\"https:\\\/\\\/polovnemasine.rs\\\/en\\\/contact\\\/\",\"url\":\"https:\\\/\\\/polovnemasine.rs\\\/en\\\/contact\\\/\",\"name\":\"Contact position | Apocalypse LLC.\",\"isPartOf\":{\"@id\":\"https:\\\/\\\/polovnemasine.rs\\\/sr\\\/#website\"},\"primaryImageOfPage\":{\"@id\":\"https:\\\/\\\/polovnemasine.rs\\\/en\\\/contact\\\/#primaryimage\"},\"image\":{\"@id\":\"https:\\\/\\\/polovnemasine.rs\\\/en\\\/contact\\\/#primaryimage\"},\"thumbnailUrl\":\"https:\\\/\\\/polovnemasine.rs\\\/wp-content\\\/uploads\\\/2021\\\/10\\\/Kontakt-Apokalipsa-e1747893469862.jpg\",\"datePublished\":\"2020-09-20T06:12:25+00:00\",\"dateModified\":\"2025-07-04T08:16:37+00:00\",\"description\":\"Contact | Ma\u010dvanska Mitrovica, \u017darka Vu\u010dini\u0107a 32b, Serbia. | Apokalipsa LLC - Over 2.500 used machines, imported from Italy, in stock.\",\"breadcrumb\":{\"@id\":\"https:\\\/\\\/polovnemasine.rs\\\/en\\\/contact\\\/#breadcrumb\"},\"inLanguage\":\"en-US\",\"potentialAction\":[{\"@type\":\"ReadAction\",\"target\":[\"https:\\\/\\\/polovnemasine.rs\\\/en\\\/contact\\\/\"]}]},{\"@type\":\"ImageObject\",\"inLanguage\":\"en-US\",\"@id\":\"https:\\\/\\\/polovnemasine.rs\\\/en\\\/contact\\\/#primaryimage\",\"url\":\"https:\\\/\\\/polovnemasine.rs\\\/wp-content\\\/uploads\\\/2021\\\/10\\\/Kontakt-Apokalipsa-e1747893469862.jpg\",\"contentUrl\":\"https:\\\/\\\/polovnemasine.rs\\\/wp-content\\\/uploads\\\/2021\\\/10\\\/Kontakt-Apokalipsa-e1747893469862.jpg\",\"width\":710,\"height\":533,\"caption\":\"Contact - Apokalipsa\"},{\"@type\":\"BreadcrumbList\",\"@id\":\"https:\\\/\\\/polovnemasine.rs\\\/en\\\/contact\\\/#breadcrumb\",\"itemListElement\":[{\"@type\":\"ListItem\",\"position\":1,\"name\":\"Po\u010detna\",\"item\":\"https:\\\/\\\/polovnemasine.rs\\\/sr\\\/\"},{\"@type\":\"ListItem\",\"position\":2,\"name\":\"Contact\"}]},{\"@type\":\"WebSite\",\"@id\":\"https:\\\/\\\/polovnemasine.rs\\\/sr\\\/#website\",\"url\":\"https:\\\/\\\/polovnemasine.rs\\\/sr\\\/\",\"name\":\"Apokalipsa d.o.o.\",\"description\":\"Polovne ma\u0161ine\",\"publisher\":{\"@id\":\"https:\\\/\\\/polovnemasine.rs\\\/sr\\\/#organization\"},\"alternateName\":\"Polovne ma\u0161ine Srbija\",\"potentialAction\":[{\"@type\":\"SearchAction\",\"target\":{\"@type\":\"EntryPoint\",\"urlTemplate\":\"https:\\\/\\\/polovnemasine.rs\\\/sr\\\/?s={search_term_string}\"},\"query-input\":{\"@type\":\"PropertyValueSpecification\",\"valueRequired\":true,\"valueName\":\"search_term_string\"}}],\"inLanguage\":\"en-US\"},{\"@type\":\"Organization\",\"@id\":\"https:\\\/\\\/polovnemasine.rs\\\/sr\\\/#organization\",\"name\":\"Apokalipsa Ltd - Sremska Mitrovica\",\"alternateName\":\"Polovne ma\u0161ine Srbija\",\"url\":\"https:\\\/\\\/polovnemasine.rs\\\/sr\\\/\",\"logo\":{\"@type\":\"ImageObject\",\"inLanguage\":\"en-US\",\"@id\":\"https:\\\/\\\/polovnemasine.rs\\\/sr\\\/#\\\/schema\\\/logo\\\/image\\\/\",\"url\":\"https:\\\/\\\/polovnemasine.rs\\\/wp-content\\\/uploads\\\/2021\\\/12\\\/Logo-Apokalipsa-d.o.o-web.png\",\"contentUrl\":\"https:\\\/\\\/polovnemasine.rs\\\/wp-content\\\/uploads\\\/2021\\\/12\\\/Logo-Apokalipsa-d.o.o-web.png\",\"width\":512,\"height\":512,\"caption\":\"Apokalipsa Ltd - Sremska Mitrovica\"},\"image\":{\"@id\":\"https:\\\/\\\/polovnemasine.rs\\\/sr\\\/#\\\/schema\\\/logo\\\/image\\\/\"},\"sameAs\":[\"https:\\\/\\\/www.facebook.com\\\/MarketingMasina\"]}]}<\/script>\n<!-- \/ Yoast SEO plugin. -->","yoast_head_json":{"title":"Contact position | Apocalypse LLC.","description":"Contact | Ma\u010dvanska Mitrovica, \u017darka Vu\u010dini\u0107a 32b, Serbia. | Apokalipsa LLC - Over 2.500 used machines, imported from Italy, in stock.","robots":{"index":"index","follow":"follow","max-snippet":"max-snippet:-1","max-image-preview":"max-image-preview:large","max-video-preview":"max-video-preview:-1"},"canonical":"https:\/\/polovnemasine.rs\/en\/contact\/","og_locale":"en_US","og_type":"article","og_title":"Contact position | Apocalypse LLC.","og_description":"Contact | Ma\u010dvanska Mitrovica, \u017darka Vu\u010dini\u0107a 32b, Serbia. | Apokalipsa LLC - Over 2.500 used machines, imported from Italy, in stock.","og_url":"https:\/\/polovnemasine.rs\/en\/contact\/","og_site_name":"Apokalipsa","article_publisher":"https:\/\/www.facebook.com\/MarketingMasina","article_modified_time":"2025-07-04T08:16:37+00:00","og_image":[{"width":710,"height":533,"url":"https:\/\/polovnemasine.rs\/wp-content\/uploads\/2021\/10\/Kontakt-Apokalipsa-e1747893469862.jpg","type":"image\/jpeg"}],"twitter_card":"summary_large_image","twitter_misc":{"Est. reading time":"1 minute"},"schema":{"@context":"https:\/\/schema.org","@graph":[{"@type":"WebPage","@id":"https:\/\/polovnemasine.rs\/en\/contact\/","url":"https:\/\/polovnemasine.rs\/en\/contact\/","name":"Contact position | Apocalypse LLC.","isPartOf":{"@id":"https:\/\/polovnemasine.rs\/sr\/#website"},"primaryImageOfPage":{"@id":"https:\/\/polovnemasine.rs\/en\/contact\/#primaryimage"},"image":{"@id":"https:\/\/polovnemasine.rs\/en\/contact\/#primaryimage"},"thumbnailUrl":"https:\/\/polovnemasine.rs\/wp-content\/uploads\/2021\/10\/Kontakt-Apokalipsa-e1747893469862.jpg","datePublished":"2020-09-20T06:12:25+00:00","dateModified":"2025-07-04T08:16:37+00:00","description":"Contact | Ma\u010dvanska Mitrovica, \u017darka Vu\u010dini\u0107a 32b, Serbia. | Apokalipsa LLC - Over 2.500 used machines, imported from Italy, in stock.","breadcrumb":{"@id":"https:\/\/polovnemasine.rs\/en\/contact\/#breadcrumb"},"inLanguage":"en-US","potentialAction":[{"@type":"ReadAction","target":["https:\/\/polovnemasine.rs\/en\/contact\/"]}]},{"@type":"ImageObject","inLanguage":"en-US","@id":"https:\/\/polovnemasine.rs\/en\/contact\/#primaryimage","url":"https:\/\/polovnemasine.rs\/wp-content\/uploads\/2021\/10\/Kontakt-Apokalipsa-e1747893469862.jpg","contentUrl":"https:\/\/polovnemasine.rs\/wp-content\/uploads\/2021\/10\/Kontakt-Apokalipsa-e1747893469862.jpg","width":710,"height":533,"caption":"Contact - Apokalipsa"},{"@type":"BreadcrumbList","@id":"https:\/\/polovnemasine.rs\/en\/contact\/#breadcrumb","itemListElement":[{"@type":"ListItem","position":1,"name":"Po\u010detna","item":"https:\/\/polovnemasine.rs\/sr\/"},{"@type":"ListItem","position":2,"name":"Contact"}]},{"@type":"WebSite","@id":"https:\/\/polovnemasine.rs\/sr\/#website","url":"https:\/\/polovnemasine.rs\/sr\/","name":"Apokalipsa d.o.o.","description":"Polovne ma\u0161ine","publisher":{"@id":"https:\/\/polovnemasine.rs\/sr\/#organization"},"alternateName":"Polovne ma\u0161ine Srbija","potentialAction":[{"@type":"SearchAction","target":{"@type":"EntryPoint","urlTemplate":"https:\/\/polovnemasine.rs\/sr\/?s={search_term_string}"},"query-input":{"@type":"PropertyValueSpecification","valueRequired":true,"valueName":"search_term_string"}}],"inLanguage":"en-US"},{"@type":"Organization","@id":"https:\/\/polovnemasine.rs\/sr\/#organization","name":"Apokalipsa Ltd - Sremska Mitrovica","alternateName":"Polovne ma\u0161ine Srbija","url":"https:\/\/polovnemasine.rs\/sr\/","logo":{"@type":"ImageObject","inLanguage":"en-US","@id":"https:\/\/polovnemasine.rs\/sr\/#\/schema\/logo\/image\/","url":"https:\/\/polovnemasine.rs\/wp-content\/uploads\/2021\/12\/Logo-Apokalipsa-d.o.o-web.png","contentUrl":"https:\/\/polovnemasine.rs\/wp-content\/uploads\/2021\/12\/Logo-Apokalipsa-d.o.o-web.png","width":512,"height":512,"caption":"Apokalipsa Ltd - Sremska Mitrovica"},"image":{"@id":"https:\/\/polovnemasine.rs\/sr\/#\/schema\/logo\/image\/"},"sameAs":["https:\/\/www.facebook.com\/MarketingMasina"]}]}},"_links":{"self":[{"href":"https:\/\/polovnemasine.rs\/en\/wp-json\/wp\/v2\/pages\/11161","targetHints":{"allow":["GET"]}}],"collection":[{"href":"https:\/\/polovnemasine.rs\/en\/wp-json\/wp\/v2\/pages"}],"about":[{"href":"https:\/\/polovnemasine.rs\/en\/wp-json\/wp\/v2\/types\/page"}],"author":[{"embeddable":true,"href":"https:\/\/polovnemasine.rs\/en\/wp-json\/wp\/v2\/users\/2"}],"replies":[{"embeddable":true,"href":"https:\/\/polovnemasine.rs\/en\/wp-json\/wp\/v2\/comments?post=11161"}],"version-history":[{"count":9,"href":"https:\/\/polovnemasine.rs\/en\/wp-json\/wp\/v2\/pages\/11161\/revisions"}],"predecessor-version":[{"id":856694,"href":"https:\/\/polovnemasine.rs\/en\/wp-json\/wp\/v2\/pages\/11161\/revisions\/856694"}],"wp:featuredmedia":[{"embeddable":true,"href":"https:\/\/polovnemasine.rs\/en\/wp-json\/wp\/v2\/media\/53307"}],"wp:attachment":[{"href":"https:\/\/polovnemasine.rs\/en\/wp-json\/wp\/v2\/media?parent=11161"}],"curies":[{"name":"wp","href":"https:\/\/api.w.org\/{rel}","templated":true}]}}