{"id":11293,"date":"2017-09-21T14:22:02","date_gmt":"2017-09-21T14:22:02","guid":{"rendered":"https:\/\/polovnemasine.rs\/?page_id=11293"},"modified":"2019-09-25T14:43:46","modified_gmt":"2019-09-25T12:43:46","slug":"ergela-pony","status":"publish","type":"page","link":"https:\/\/polovnemasine.rs\/ru\/ergela-pony\/","title":{"rendered":"Ergela Pony"},"content":{"rendered":"\n<ul class=\"wp-block-gallery columns-3 is-cropped wp-block-gallery-1 is-layout-flex wp-block-gallery-is-layout-flex\"><li class=\"blocks-gallery-item\"><figure><a href=\"https:\/\/polovnemasine.rs\/wp-content\/uploads\/2017\/09\/ergela.jpg\"><img loading=\"lazy\" decoding=\"async\" width=\"333\" height=\"250\" src=\"https:\/\/polovnemasine.rs\/wp-content\/uploads\/2017\/09\/ergela.jpg\" alt=\"Poni konji\" data-id=\"11307\" data-link=\"https:\/\/polovnemasine.rs\/ergela-2\/\" class=\"wp-image-11307\" srcset=\"https:\/\/polovnemasine.rs\/wp-content\/uploads\/2017\/09\/ergela.jpg 333w, https:\/\/polovnemasine.rs\/wp-content\/uploads\/2017\/09\/ergela-300x225.jpg 300w\" sizes=\"auto, (max-width: 333px) 100vw, 333px\" \/><\/a><\/figure><\/li><li class=\"blocks-gallery-item\"><figure><a href=\"https:\/\/polovnemasine.rs\/wp-content\/uploads\/2017\/09\/P4610480-1024x576.jpg\"><img loading=\"lazy\" decoding=\"async\" width=\"1024\" height=\"576\" src=\"https:\/\/polovnemasine.rs\/wp-content\/uploads\/2017\/09\/P4610480-1024x576.jpg\" alt=\"Poni konji\" data-id=\"11303\" data-link=\"https:\/\/polovnemasine.rs\/ergela\/p4610480\/\" class=\"wp-image-11303\" srcset=\"https:\/\/polovnemasine.rs\/wp-content\/uploads\/2017\/09\/P4610480-1024x576.jpg 1024w, https:\/\/polovnemasine.rs\/wp-content\/uploads\/2017\/09\/P4610480-300x169.jpg 300w, https:\/\/polovnemasine.rs\/wp-content\/uploads\/2017\/09\/P4610480-768x432.jpg 768w, https:\/\/polovnemasine.rs\/wp-content\/uploads\/2017\/09\/P4610480.jpg 1279w\" sizes=\"auto, (max-width: 1024px) 100vw, 1024px\" \/><\/a><\/figure><\/li><li class=\"blocks-gallery-item\"><figure><a href=\"https:\/\/polovnemasine.rs\/wp-content\/uploads\/2017\/09\/P4610463-1024x576.jpg\"><img loading=\"lazy\" decoding=\"async\" width=\"1024\" height=\"576\" src=\"https:\/\/polovnemasine.rs\/wp-content\/uploads\/2017\/09\/P4610463-1024x576.jpg\" alt=\" Koral \" data-id=\"11298\" data-link=\"https:\/\/polovnemasine.rs\/ergela\/p4610463\/\" class=\"wp-image-11298\" srcset=\"https:\/\/polovnemasine.rs\/wp-content\/uploads\/2017\/09\/P4610463-1024x576.jpg 1024w, https:\/\/polovnemasine.rs\/wp-content\/uploads\/2017\/09\/P4610463-300x169.jpg 300w, https:\/\/polovnemasine.rs\/wp-content\/uploads\/2017\/09\/P4610463-768x432.jpg 768w, https:\/\/polovnemasine.rs\/wp-content\/uploads\/2017\/09\/P4610463.jpg 1279w\" sizes=\"auto, (max-width: 1024px) 100vw, 1024px\" \/><\/a><\/figure><\/li><li class=\"blocks-gallery-item\"><figure><a href=\"https:\/\/polovnemasine.rs\/wp-content\/uploads\/2017\/09\/P4610467-1024x576.jpg\"><img loading=\"lazy\" decoding=\"async\" width=\"1024\" height=\"576\" src=\"https:\/\/polovnemasine.rs\/wp-content\/uploads\/2017\/09\/P4610467-1024x576.jpg\" alt=\"Poni konji\" data-id=\"11299\" data-link=\"https:\/\/polovnemasine.rs\/ergela\/p4610467\/\" class=\"wp-image-11299\" srcset=\"https:\/\/polovnemasine.rs\/wp-content\/uploads\/2017\/09\/P4610467-1024x576.jpg 1024w, https:\/\/polovnemasine.rs\/wp-content\/uploads\/2017\/09\/P4610467-300x169.jpg 300w, https:\/\/polovnemasine.rs\/wp-content\/uploads\/2017\/09\/P4610467-768x432.jpg 768w, https:\/\/polovnemasine.rs\/wp-content\/uploads\/2017\/09\/P4610467.jpg 1279w\" sizes=\"auto, (max-width: 1024px) 100vw, 1024px\" \/><\/a><\/figure><\/li><li class=\"blocks-gallery-item\"><figure><a href=\"https:\/\/polovnemasine.rs\/wp-content\/uploads\/2017\/09\/P4610471-1024x576.jpg\"><img loading=\"lazy\" decoding=\"async\" width=\"1024\" height=\"576\" src=\"https:\/\/polovnemasine.rs\/wp-content\/uploads\/2017\/09\/P4610471-1024x576.jpg\" alt=\"Poni konji\" data-id=\"11300\" data-link=\"https:\/\/polovnemasine.rs\/ergela\/p4610471\/\" class=\"wp-image-11300\" srcset=\"https:\/\/polovnemasine.rs\/wp-content\/uploads\/2017\/09\/P4610471-1024x576.jpg 1024w, https:\/\/polovnemasine.rs\/wp-content\/uploads\/2017\/09\/P4610471-300x169.jpg 300w, https:\/\/polovnemasine.rs\/wp-content\/uploads\/2017\/09\/P4610471-768x432.jpg 768w, https:\/\/polovnemasine.rs\/wp-content\/uploads\/2017\/09\/P4610471.jpg 1279w\" sizes=\"auto, (max-width: 1024px) 100vw, 1024px\" \/><\/a><\/figure><\/li><li class=\"blocks-gallery-item\"><figure><a href=\"https:\/\/polovnemasine.rs\/wp-content\/uploads\/2017\/09\/P4610472-1024x576.jpg\"><img loading=\"lazy\" decoding=\"async\" width=\"1024\" height=\"576\" src=\"https:\/\/polovnemasine.rs\/wp-content\/uploads\/2017\/09\/P4610472-1024x576.jpg\" alt=\"Ergela\" data-id=\"11301\" data-link=\"https:\/\/polovnemasine.rs\/ergela\/p4610472\/\" class=\"wp-image-11301\" srcset=\"https:\/\/polovnemasine.rs\/wp-content\/uploads\/2017\/09\/P4610472-1024x576.jpg 1024w, https:\/\/polovnemasine.rs\/wp-content\/uploads\/2017\/09\/P4610472-300x169.jpg 300w, https:\/\/polovnemasine.rs\/wp-content\/uploads\/2017\/09\/P4610472-768x432.jpg 768w, https:\/\/polovnemasine.rs\/wp-content\/uploads\/2017\/09\/P4610472.jpg 1279w\" sizes=\"auto, (max-width: 1024px) 100vw, 1024px\" \/><\/a><\/figure><\/li><li class=\"blocks-gallery-item\"><figure><a href=\"https:\/\/polovnemasine.rs\/wp-content\/uploads\/2017\/09\/P4610474-1024x576.jpg\"><img loading=\"lazy\" decoding=\"async\" width=\"1024\" height=\"576\" src=\"https:\/\/polovnemasine.rs\/wp-content\/uploads\/2017\/09\/P4610474-1024x576.jpg\" alt=\"Ergela\" data-id=\"11302\" data-link=\"https:\/\/polovnemasine.rs\/ergela\/p4610474\/\" class=\"wp-image-11302\" srcset=\"https:\/\/polovnemasine.rs\/wp-content\/uploads\/2017\/09\/P4610474-1024x576.jpg 1024w, https:\/\/polovnemasine.rs\/wp-content\/uploads\/2017\/09\/P4610474-300x169.jpg 300w, https:\/\/polovnemasine.rs\/wp-content\/uploads\/2017\/09\/P4610474-768x432.jpg 768w, https:\/\/polovnemasine.rs\/wp-content\/uploads\/2017\/09\/P4610474.jpg 1279w\" sizes=\"auto, (max-width: 1024px) 100vw, 1024px\" \/><\/a><\/figure><\/li><li class=\"blocks-gallery-item\"><figure><a href=\"https:\/\/polovnemasine.rs\/wp-content\/uploads\/2017\/09\/P4610449-1024x576.jpg\"><img loading=\"lazy\" decoding=\"async\" width=\"1024\" height=\"576\" src=\"https:\/\/polovnemasine.rs\/wp-content\/uploads\/2017\/09\/P4610449-1024x576.jpg\" alt=\"Ergela\" data-id=\"11295\" data-link=\"https:\/\/polovnemasine.rs\/ergela\/p4610449\/\" class=\"wp-image-11295\" srcset=\"https:\/\/polovnemasine.rs\/wp-content\/uploads\/2017\/09\/P4610449-1024x576.jpg 1024w, https:\/\/polovnemasine.rs\/wp-content\/uploads\/2017\/09\/P4610449-300x169.jpg 300w, https:\/\/polovnemasine.rs\/wp-content\/uploads\/2017\/09\/P4610449-768x432.jpg 768w, https:\/\/polovnemasine.rs\/wp-content\/uploads\/2017\/09\/P4610449.jpg 1279w\" sizes=\"auto, (max-width: 1024px) 100vw, 1024px\" \/><\/a><\/figure><\/li><li class=\"blocks-gallery-item\"><figure><a href=\"https:\/\/polovnemasine.rs\/wp-content\/uploads\/2017\/09\/P4610458-1024x576.jpg\"><img loading=\"lazy\" decoding=\"async\" width=\"1024\" height=\"576\" src=\"https:\/\/polovnemasine.rs\/wp-content\/uploads\/2017\/09\/P4610458-1024x576.jpg\" alt=\"Ergela\" data-id=\"11297\" data-link=\"https:\/\/polovnemasine.rs\/ergela\/p4610458\/\" class=\"wp-image-11297\" srcset=\"https:\/\/polovnemasine.rs\/wp-content\/uploads\/2017\/09\/P4610458-1024x576.jpg 1024w, https:\/\/polovnemasine.rs\/wp-content\/uploads\/2017\/09\/P4610458-300x169.jpg 300w, https:\/\/polovnemasine.rs\/wp-content\/uploads\/2017\/09\/P4610458-768x432.jpg 768w, https:\/\/polovnemasine.rs\/wp-content\/uploads\/2017\/09\/P4610458.jpg 1279w\" sizes=\"auto, (max-width: 1024px) 100vw, 1024px\" \/><\/a><\/figure><\/li><\/ul>\n\n\n\n<p>Ergela Pony konja, preduze\u0107e <a href=\"https:\/\/www.youtube.com\/watch?v=0k8kwr9Gf1c\">Apokalipsa d.o.o.<\/a> Sremska Mitrovica, Rumski put 55a. <\/p>\n","protected":false},"excerpt":{"rendered":"<p>Ergela Pony konja, preduze\u0107e Apokalipsa d.o.o. Sremska Mitrovica, Rumski put 55a.<\/p>\n","protected":false},"author":1,"featured_media":11301,"parent":0,"menu_order":0,"comment_status":"closed","ping_status":"closed","template":"","meta":{"_acf_changed":false,"footnotes":""},"class_list":["post-11293","page","type-page","status-publish","has-post-thumbnail"],"acf":[],"yoast_head":"<!-- This site is optimized with the Yoast SEO plugin v27.3 - https:\/\/yoast.com\/product\/yoast-seo-wordpress\/ -->\n<title>Ergela Pony - za\u0161titni znak preduze\u0107a Apokalipsa d.o.o. d.o.o. Srbija.<\/title>\n<meta name=\"description\" content=\"Ergela Pony poni konja su za\u0161titni znak preduze\u0107a Apokalipsa d.o.o. d.o.o. Sremska Mitrovica, Rumski put 55a. Polovne ma\u0161ine, najve\u0107a prodaja na Balkanu.\" \/>\n<meta name=\"robots\" content=\"index, follow, max-snippet:-1, max-image-preview:large, max-video-preview:-1\" \/>\n<link rel=\"canonical\" href=\"https:\/\/polovnemasine.rs\/sr\/ergela-pony\/\" \/>\n<meta property=\"og:locale\" content=\"ru_RU\" \/>\n<meta property=\"og:type\" content=\"article\" \/>\n<meta property=\"og:title\" content=\"Ergela Pony - za\u0161titni znak preduze\u0107a Apokalipsa d.o.o. d.o.o. Srbija.\" \/>\n<meta property=\"og:description\" content=\"Ergela Pony poni konja su za\u0161titni znak preduze\u0107a Apokalipsa d.o.o. d.o.o. Sremska Mitrovica, Rumski put 55a. Polovne ma\u0161ine, najve\u0107a prodaja na Balkanu.\" \/>\n<meta property=\"og:url\" content=\"https:\/\/polovnemasine.rs\/sr\/ergela-pony\/\" \/>\n<meta property=\"og:site_name\" content=\"Apokalipsa d.o.o.\" \/>\n<meta property=\"article:publisher\" content=\"https:\/\/www.facebook.com\/MarketingMasina\" \/>\n<meta property=\"article:modified_time\" content=\"2019-09-25T12:43:46+00:00\" \/>\n<meta property=\"og:image\" content=\"https:\/\/polovnemasine.rs\/wp-content\/uploads\/2017\/09\/P4610472.jpg\" \/>\n\t<meta property=\"og:image:width\" content=\"1279\" \/>\n\t<meta property=\"og:image:height\" content=\"720\" \/>\n\t<meta property=\"og:image:type\" content=\"image\/jpeg\" \/>\n<meta name=\"twitter:card\" content=\"summary_large_image\" \/>\n<script type=\"application\/ld+json\" class=\"yoast-schema-graph\">{\"@context\":\"https:\\\/\\\/schema.org\",\"@graph\":[{\"@type\":\"WebPage\",\"@id\":\"https:\\\/\\\/polovnemasine.rs\\\/sr\\\/ergela-pony\\\/\",\"url\":\"https:\\\/\\\/polovnemasine.rs\\\/sr\\\/ergela-pony\\\/\",\"name\":\"Ergela Pony - za\u0161titni znak preduze\u0107a Apokalipsa d.o.o. d.o.o. Srbija.\",\"isPartOf\":{\"@id\":\"https:\\\/\\\/polovnemasine.rs\\\/sr\\\/#website\"},\"primaryImageOfPage\":{\"@id\":\"https:\\\/\\\/polovnemasine.rs\\\/sr\\\/ergela-pony\\\/#primaryimage\"},\"image\":{\"@id\":\"https:\\\/\\\/polovnemasine.rs\\\/sr\\\/ergela-pony\\\/#primaryimage\"},\"thumbnailUrl\":\"https:\\\/\\\/polovnemasine.rs\\\/wp-content\\\/uploads\\\/2017\\\/09\\\/P4610472.jpg\",\"datePublished\":\"2017-09-21T14:22:02+00:00\",\"dateModified\":\"2019-09-25T12:43:46+00:00\",\"description\":\"Ergela Pony poni konja su za\u0161titni znak preduze\u0107a Apokalipsa d.o.o. d.o.o. Sremska Mitrovica, Rumski put 55a. Polovne ma\u0161ine, najve\u0107a prodaja na Balkanu.\",\"breadcrumb\":{\"@id\":\"https:\\\/\\\/polovnemasine.rs\\\/sr\\\/ergela-pony\\\/#breadcrumb\"},\"inLanguage\":\"ru-RU\",\"potentialAction\":[{\"@type\":\"ReadAction\",\"target\":[\"https:\\\/\\\/polovnemasine.rs\\\/sr\\\/ergela-pony\\\/\"]}]},{\"@type\":\"ImageObject\",\"inLanguage\":\"ru-RU\",\"@id\":\"https:\\\/\\\/polovnemasine.rs\\\/sr\\\/ergela-pony\\\/#primaryimage\",\"url\":\"https:\\\/\\\/polovnemasine.rs\\\/wp-content\\\/uploads\\\/2017\\\/09\\\/P4610472.jpg\",\"contentUrl\":\"https:\\\/\\\/polovnemasine.rs\\\/wp-content\\\/uploads\\\/2017\\\/09\\\/P4610472.jpg\",\"width\":1279,\"height\":720,\"caption\":\"Ergela ponny\"},{\"@type\":\"BreadcrumbList\",\"@id\":\"https:\\\/\\\/polovnemasine.rs\\\/sr\\\/ergela-pony\\\/#breadcrumb\",\"itemListElement\":[{\"@type\":\"ListItem\",\"position\":1,\"name\":\"Po\u010detna\",\"item\":\"https:\\\/\\\/polovnemasine.rs\\\/sr\\\/\"},{\"@type\":\"ListItem\",\"position\":2,\"name\":\"Ergela Pony\"}]},{\"@type\":\"WebSite\",\"@id\":\"https:\\\/\\\/polovnemasine.rs\\\/sr\\\/#website\",\"url\":\"https:\\\/\\\/polovnemasine.rs\\\/sr\\\/\",\"name\":\"Apokalipsa d.o.o.\",\"description\":\"Polovne ma\u0161ine\",\"publisher\":{\"@id\":\"https:\\\/\\\/polovnemasine.rs\\\/sr\\\/#organization\"},\"alternateName\":\"Polovne ma\u0161ine Srbija\",\"potentialAction\":[{\"@type\":\"SearchAction\",\"target\":{\"@type\":\"EntryPoint\",\"urlTemplate\":\"https:\\\/\\\/polovnemasine.rs\\\/sr\\\/?s={search_term_string}\"},\"query-input\":{\"@type\":\"PropertyValueSpecification\",\"valueRequired\":true,\"valueName\":\"search_term_string\"}}],\"inLanguage\":\"ru-RU\"},{\"@type\":\"Organization\",\"@id\":\"https:\\\/\\\/polovnemasine.rs\\\/sr\\\/#organization\",\"name\":\"Apokalipsa Ltd - Sremska Mitrovica\",\"alternateName\":\"Polovne ma\u0161ine Srbija\",\"url\":\"https:\\\/\\\/polovnemasine.rs\\\/sr\\\/\",\"logo\":{\"@type\":\"ImageObject\",\"inLanguage\":\"ru-RU\",\"@id\":\"https:\\\/\\\/polovnemasine.rs\\\/sr\\\/#\\\/schema\\\/logo\\\/image\\\/\",\"url\":\"https:\\\/\\\/polovnemasine.rs\\\/wp-content\\\/uploads\\\/2021\\\/12\\\/Logo-Apokalipsa-d.o.o-web.png\",\"contentUrl\":\"https:\\\/\\\/polovnemasine.rs\\\/wp-content\\\/uploads\\\/2021\\\/12\\\/Logo-Apokalipsa-d.o.o-web.png\",\"width\":512,\"height\":512,\"caption\":\"Apokalipsa Ltd - Sremska Mitrovica\"},\"image\":{\"@id\":\"https:\\\/\\\/polovnemasine.rs\\\/sr\\\/#\\\/schema\\\/logo\\\/image\\\/\"},\"sameAs\":[\"https:\\\/\\\/www.facebook.com\\\/MarketingMasina\"]}]}<\/script>\n<!-- \/ Yoast SEO plugin. -->","yoast_head_json":{"title":"Ergela Pony - za\u0161titni znak preduze\u0107a Apokalipsa d.o.o. d.o.o. Srbija.","description":"Ergela Pony poni konja su za\u0161titni znak preduze\u0107a Apokalipsa d.o.o. d.o.o. Sremska Mitrovica, Rumski put 55a. Polovne ma\u0161ine, najve\u0107a prodaja na Balkanu.","robots":{"index":"index","follow":"follow","max-snippet":"max-snippet:-1","max-image-preview":"max-image-preview:large","max-video-preview":"max-video-preview:-1"},"canonical":"https:\/\/polovnemasine.rs\/sr\/ergela-pony\/","og_locale":"ru_RU","og_type":"article","og_title":"Ergela Pony - za\u0161titni znak preduze\u0107a Apokalipsa d.o.o. d.o.o. Srbija.","og_description":"Ergela Pony poni konja su za\u0161titni znak preduze\u0107a Apokalipsa d.o.o. d.o.o. Sremska Mitrovica, Rumski put 55a. Polovne ma\u0161ine, najve\u0107a prodaja na Balkanu.","og_url":"https:\/\/polovnemasine.rs\/sr\/ergela-pony\/","og_site_name":"Apokalipsa d.o.o.","article_publisher":"https:\/\/www.facebook.com\/MarketingMasina","article_modified_time":"2019-09-25T12:43:46+00:00","og_image":[{"width":1279,"height":720,"url":"https:\/\/polovnemasine.rs\/wp-content\/uploads\/2017\/09\/P4610472.jpg","type":"image\/jpeg"}],"twitter_card":"summary_large_image","schema":{"@context":"https:\/\/schema.org","@graph":[{"@type":"WebPage","@id":"https:\/\/polovnemasine.rs\/sr\/ergela-pony\/","url":"https:\/\/polovnemasine.rs\/sr\/ergela-pony\/","name":"Ergela Pony - za\u0161titni znak preduze\u0107a Apokalipsa d.o.o. d.o.o. Srbija.","isPartOf":{"@id":"https:\/\/polovnemasine.rs\/sr\/#website"},"primaryImageOfPage":{"@id":"https:\/\/polovnemasine.rs\/sr\/ergela-pony\/#primaryimage"},"image":{"@id":"https:\/\/polovnemasine.rs\/sr\/ergela-pony\/#primaryimage"},"thumbnailUrl":"https:\/\/polovnemasine.rs\/wp-content\/uploads\/2017\/09\/P4610472.jpg","datePublished":"2017-09-21T14:22:02+00:00","dateModified":"2019-09-25T12:43:46+00:00","description":"Ergela Pony poni konja su za\u0161titni znak preduze\u0107a Apokalipsa d.o.o. d.o.o. Sremska Mitrovica, Rumski put 55a. Polovne ma\u0161ine, najve\u0107a prodaja na Balkanu.","breadcrumb":{"@id":"https:\/\/polovnemasine.rs\/sr\/ergela-pony\/#breadcrumb"},"inLanguage":"ru-RU","potentialAction":[{"@type":"ReadAction","target":["https:\/\/polovnemasine.rs\/sr\/ergela-pony\/"]}]},{"@type":"ImageObject","inLanguage":"ru-RU","@id":"https:\/\/polovnemasine.rs\/sr\/ergela-pony\/#primaryimage","url":"https:\/\/polovnemasine.rs\/wp-content\/uploads\/2017\/09\/P4610472.jpg","contentUrl":"https:\/\/polovnemasine.rs\/wp-content\/uploads\/2017\/09\/P4610472.jpg","width":1279,"height":720,"caption":"Ergela ponny"},{"@type":"BreadcrumbList","@id":"https:\/\/polovnemasine.rs\/sr\/ergela-pony\/#breadcrumb","itemListElement":[{"@type":"ListItem","position":1,"name":"Po\u010detna","item":"https:\/\/polovnemasine.rs\/sr\/"},{"@type":"ListItem","position":2,"name":"Ergela Pony"}]},{"@type":"WebSite","@id":"https:\/\/polovnemasine.rs\/sr\/#website","url":"https:\/\/polovnemasine.rs\/sr\/","name":"Apokalipsa d.o.o.","description":"Polovne ma\u0161ine","publisher":{"@id":"https:\/\/polovnemasine.rs\/sr\/#organization"},"alternateName":"Polovne ma\u0161ine Srbija","potentialAction":[{"@type":"SearchAction","target":{"@type":"EntryPoint","urlTemplate":"https:\/\/polovnemasine.rs\/sr\/?s={search_term_string}"},"query-input":{"@type":"PropertyValueSpecification","valueRequired":true,"valueName":"search_term_string"}}],"inLanguage":"ru-RU"},{"@type":"Organization","@id":"https:\/\/polovnemasine.rs\/sr\/#organization","name":"Apokalipsa Ltd - Sremska Mitrovica","alternateName":"Polovne ma\u0161ine Srbija","url":"https:\/\/polovnemasine.rs\/sr\/","logo":{"@type":"ImageObject","inLanguage":"ru-RU","@id":"https:\/\/polovnemasine.rs\/sr\/#\/schema\/logo\/image\/","url":"https:\/\/polovnemasine.rs\/wp-content\/uploads\/2021\/12\/Logo-Apokalipsa-d.o.o-web.png","contentUrl":"https:\/\/polovnemasine.rs\/wp-content\/uploads\/2021\/12\/Logo-Apokalipsa-d.o.o-web.png","width":512,"height":512,"caption":"Apokalipsa Ltd - Sremska Mitrovica"},"image":{"@id":"https:\/\/polovnemasine.rs\/sr\/#\/schema\/logo\/image\/"},"sameAs":["https:\/\/www.facebook.com\/MarketingMasina"]}]}},"_links":{"self":[{"href":"https:\/\/polovnemasine.rs\/ru\/wp-json\/wp\/v2\/pages\/11293","targetHints":{"allow":["GET"]}}],"collection":[{"href":"https:\/\/polovnemasine.rs\/ru\/wp-json\/wp\/v2\/pages"}],"about":[{"href":"https:\/\/polovnemasine.rs\/ru\/wp-json\/wp\/v2\/types\/page"}],"author":[{"embeddable":true,"href":"https:\/\/polovnemasine.rs\/ru\/wp-json\/wp\/v2\/users\/1"}],"replies":[{"embeddable":true,"href":"https:\/\/polovnemasine.rs\/ru\/wp-json\/wp\/v2\/comments?post=11293"}],"version-history":[{"count":6,"href":"https:\/\/polovnemasine.rs\/ru\/wp-json\/wp\/v2\/pages\/11293\/revisions"}],"predecessor-version":[{"id":29066,"href":"https:\/\/polovnemasine.rs\/ru\/wp-json\/wp\/v2\/pages\/11293\/revisions\/29066"}],"wp:featuredmedia":[{"embeddable":true,"href":"https:\/\/polovnemasine.rs\/ru\/wp-json\/wp\/v2\/media\/11301"}],"wp:attachment":[{"href":"https:\/\/polovnemasine.rs\/ru\/wp-json\/wp\/v2\/media?parent=11293"}],"curies":[{"name":"wp","href":"https:\/\/api.w.org\/{rel}","templated":true}]}}