{"id":11156,"date":"2020-09-20T08:11:01","date_gmt":"2020-09-20T06:11:01","guid":{"rendered":"https:\/\/polovnemasine.rs\/?page_id=11156"},"modified":"2025-07-04T10:23:16","modified_gmt":"2025-07-04T08:23:16","slug":"kontakt","status":"publish","type":"page","link":"https:\/\/polovnemasine.rs\/sr\/kontakt\/","title":{"rendered":"Kontakt"},"content":{"rendered":"<p>Kontakt polo\u017eaj preduze\u0107a <a href=\"https:\/\/youtu.be\/OAvzarsNNb4\" rel=\"noopener\" target=\"_blank\">Apokalipsa d.o.o<\/a>, Ma\u010dvanska Mitrovica.<\/p>\n<p><strong>PIB: 100794940<\/strong><br \/>\n<strong>Mati\u010dni broj kompanije: 08467714<\/strong><br \/>\nAdresa: Srbija, Ma\u010dvanska Mitrovica, ulica \u017darka Vu\u010dinic\u0301a br.32<br \/>\nTel: +381 22 624479 (kancelarija)<br \/>\n+381 63 644199 (prodaja)<\/p>\n<p><a href=\"https:\/\/polovnemasine.rs\/wp-content\/uploads\/2021\/10\/Kontakt-Apokalipsa.jpg\"><img loading=\"lazy\" decoding=\"async\" src=\"https:\/\/polovnemasine.rs\/wp-content\/uploads\/2021\/10\/Kontakt-Apokalipsa.jpg\" alt=\"Kontakt - Apokalipsa\" width=\"710\" height=\"545\" class=\"aligncenter size-full wp-image-53306\" srcset=\"https:\/\/polovnemasine.rs\/wp-content\/uploads\/2021\/10\/Kontakt-Apokalipsa.jpg 710w, https:\/\/polovnemasine.rs\/wp-content\/uploads\/2021\/10\/Kontakt-Apokalipsa-300x230.jpg 300w, https:\/\/polovnemasine.rs\/wp-content\/uploads\/2021\/10\/Kontakt-Apokalipsa-600x460.jpg 600w\" sizes=\"auto, (max-width: 710px) 100vw, 710px\" \/><\/a><\/p>\n<p>Kontakt &#8211; Apokalipsa d.o.o. ima preko 2.500 polovnih, renoviranih ma\u0161ina na zalihama. Ma\u0161ine su uglavnom italijanske proizvodnje, od livenog gvo\u017e\u0111a. Nudimo kompletne linije za proizvodnju drvenih sanduka brenda Corali. Sveobuhvatna proizvodna linija za: name\u0161taj, pelet, palete, drvena vrata i prozore, kao i parket. ma\u0161ine su u veoma dobrom stanju i mogu se testirati u radu. Prevoz je na tro\u0161ak klijenta, ali c\u0301e biti besplatno utovaren u klijentovo transportno vozilo, nakon kupovine u na\u0161oj kompaniji. Povezan je sa autoputem E-70 (A3), a postoji i carinska ispostava u luci, na reci Savi. Mo\u017eete ostvariti kontakt sa nama putem e-po\u0161te (apokalipsasr@gmail.com) ili telefona +38122624479.<\/p>\n","protected":false},"excerpt":{"rendered":"<p>Kontakt polo\u017eaj preduze\u0107a Apokalipsa d.o.o, Ma\u010dvanska Mitrovica. PIB: 100794940 Mati\u010dni broj kompanije: 08467714 Adresa: Srbija, Ma\u010dvanska Mitrovica, ulica \u017darka Vu\u010dinic\u0301a br.32 Tel: +381 22 624479 (kancelarija) +381 63 644199 (prodaja) Kontakt &#8211; Apokalipsa d.o.o. ima preko 2.500 polovnih, renoviranih ma\u0161ina na zalihama. Ma\u0161ine su uglavnom italijanske proizvodnje, od livenog gvo\u017e\u0111a. Nudimo kompletne linije za proizvodnju [&hellip;]<\/p>\n","protected":false},"author":2,"featured_media":53306,"parent":0,"menu_order":0,"comment_status":"closed","ping_status":"closed","template":"","meta":{"_acf_changed":false,"footnotes":""},"class_list":["post-11156","page","type-page","status-publish","has-post-thumbnail"],"acf":[],"yoast_head":"<!-- This site is optimized with the Yoast SEO plugin v27.3 - https:\/\/yoast.com\/product\/yoast-seo-wordpress\/ -->\n<title>Kontakt karta geografskog polo\u017eaja preduze\u0107a Apokalipsa.<\/title>\n<meta name=\"description\" content=\"Kontakt Apokalipsa d.o.o. Ma\u010dvanska Mitrovica, \u017darka Vu\u010dini\u0107a 32b - na lageru preko 2.500 polovnih ma\u0161ina, koje mo\u017eete isprobati u radu.\" \/>\n<meta name=\"robots\" content=\"index, follow, max-snippet:-1, max-image-preview:large, max-video-preview:-1\" \/>\n<link rel=\"canonical\" href=\"https:\/\/polovnemasine.rs\/sr\/kontakt\/\" \/>\n<meta property=\"og:locale\" content=\"sr_RS\" \/>\n<meta property=\"og:type\" content=\"article\" \/>\n<meta property=\"og:title\" content=\"Kontakt karta geografskog polo\u017eaja preduze\u0107a Apokalipsa.\" \/>\n<meta property=\"og:description\" content=\"Kontakt Apokalipsa d.o.o. Ma\u010dvanska Mitrovica, \u017darka Vu\u010dini\u0107a 32b - na lageru preko 2.500 polovnih ma\u0161ina, koje mo\u017eete isprobati u radu.\" \/>\n<meta property=\"og:url\" content=\"https:\/\/polovnemasine.rs\/sr\/kontakt\/\" \/>\n<meta property=\"og:site_name\" content=\"Apokalipsa d.o.o.\" \/>\n<meta property=\"article:publisher\" content=\"https:\/\/www.facebook.com\/MarketingMasina\" \/>\n<meta property=\"article:modified_time\" content=\"2025-07-04T08:23:16+00:00\" \/>\n<meta property=\"og:image\" content=\"https:\/\/polovnemasine.rs\/wp-content\/uploads\/2021\/10\/Kontakt-Apokalipsa.jpg\" \/>\n\t<meta property=\"og:image:width\" content=\"710\" \/>\n\t<meta property=\"og:image:height\" content=\"545\" \/>\n\t<meta property=\"og:image:type\" content=\"image\/jpeg\" \/>\n<meta name=\"twitter:card\" content=\"summary_large_image\" \/>\n<meta name=\"twitter:label1\" content=\"\u041f\u0440\u043e\u0446\u0435\u045a\u0435\u043d\u043e \u0432\u0440\u0435\u043c\u0435 \u0447\u0438\u0442\u0430\u045a\u0430\" \/>\n\t<meta name=\"twitter:data1\" content=\"1 \u043c\u0438\u043d\u0443\u0442\" \/>\n<script type=\"application\/ld+json\" class=\"yoast-schema-graph\">{\"@context\":\"https:\\\/\\\/schema.org\",\"@graph\":[{\"@type\":\"WebPage\",\"@id\":\"https:\\\/\\\/polovnemasine.rs\\\/sr\\\/kontakt\\\/\",\"url\":\"https:\\\/\\\/polovnemasine.rs\\\/sr\\\/kontakt\\\/\",\"name\":\"Kontakt karta geografskog polo\u017eaja preduze\u0107a Apokalipsa.\",\"isPartOf\":{\"@id\":\"https:\\\/\\\/polovnemasine.rs\\\/sr\\\/#website\"},\"primaryImageOfPage\":{\"@id\":\"https:\\\/\\\/polovnemasine.rs\\\/sr\\\/kontakt\\\/#primaryimage\"},\"image\":{\"@id\":\"https:\\\/\\\/polovnemasine.rs\\\/sr\\\/kontakt\\\/#primaryimage\"},\"thumbnailUrl\":\"https:\\\/\\\/polovnemasine.rs\\\/wp-content\\\/uploads\\\/2021\\\/10\\\/Kontakt-Apokalipsa.jpg\",\"datePublished\":\"2020-09-20T06:11:01+00:00\",\"dateModified\":\"2025-07-04T08:23:16+00:00\",\"description\":\"Kontakt Apokalipsa d.o.o. Ma\u010dvanska Mitrovica, \u017darka Vu\u010dini\u0107a 32b - na lageru preko 2.500 polovnih ma\u0161ina, koje mo\u017eete isprobati u radu.\",\"breadcrumb\":{\"@id\":\"https:\\\/\\\/polovnemasine.rs\\\/sr\\\/kontakt\\\/#breadcrumb\"},\"inLanguage\":\"sr-RS\",\"potentialAction\":[{\"@type\":\"ReadAction\",\"target\":[\"https:\\\/\\\/polovnemasine.rs\\\/sr\\\/kontakt\\\/\"]}]},{\"@type\":\"ImageObject\",\"inLanguage\":\"sr-RS\",\"@id\":\"https:\\\/\\\/polovnemasine.rs\\\/sr\\\/kontakt\\\/#primaryimage\",\"url\":\"https:\\\/\\\/polovnemasine.rs\\\/wp-content\\\/uploads\\\/2021\\\/10\\\/Kontakt-Apokalipsa.jpg\",\"contentUrl\":\"https:\\\/\\\/polovnemasine.rs\\\/wp-content\\\/uploads\\\/2021\\\/10\\\/Kontakt-Apokalipsa.jpg\",\"width\":710,\"height\":545,\"caption\":\"Kontakt - Apokalipsa\"},{\"@type\":\"BreadcrumbList\",\"@id\":\"https:\\\/\\\/polovnemasine.rs\\\/sr\\\/kontakt\\\/#breadcrumb\",\"itemListElement\":[{\"@type\":\"ListItem\",\"position\":1,\"name\":\"Po\u010detna\",\"item\":\"https:\\\/\\\/polovnemasine.rs\\\/sr\\\/\"},{\"@type\":\"ListItem\",\"position\":2,\"name\":\"Kontakt\"}]},{\"@type\":\"WebSite\",\"@id\":\"https:\\\/\\\/polovnemasine.rs\\\/sr\\\/#website\",\"url\":\"https:\\\/\\\/polovnemasine.rs\\\/sr\\\/\",\"name\":\"Apokalipsa d.o.o.\",\"description\":\"POLOVNE MA\u0160INE\",\"publisher\":{\"@id\":\"https:\\\/\\\/polovnemasine.rs\\\/sr\\\/#organization\"},\"alternateName\":\"Polovne ma\u0161ine Srbija\",\"potentialAction\":[{\"@type\":\"SearchAction\",\"target\":{\"@type\":\"EntryPoint\",\"urlTemplate\":\"https:\\\/\\\/polovnemasine.rs\\\/sr\\\/?s={search_term_string}\"},\"query-input\":{\"@type\":\"PropertyValueSpecification\",\"valueRequired\":true,\"valueName\":\"search_term_string\"}}],\"inLanguage\":\"sr-RS\"},{\"@type\":\"Organization\",\"@id\":\"https:\\\/\\\/polovnemasine.rs\\\/sr\\\/#organization\",\"name\":\"Apokalipsa Ltd - Sremska Mitrovica\",\"alternateName\":\"Polovne ma\u0161ine Srbija\",\"url\":\"https:\\\/\\\/polovnemasine.rs\\\/sr\\\/\",\"logo\":{\"@type\":\"ImageObject\",\"inLanguage\":\"sr-RS\",\"@id\":\"https:\\\/\\\/polovnemasine.rs\\\/sr\\\/#\\\/schema\\\/logo\\\/image\\\/\",\"url\":\"https:\\\/\\\/polovnemasine.rs\\\/wp-content\\\/uploads\\\/2021\\\/12\\\/Logo-Apokalipsa-d.o.o-web.png\",\"contentUrl\":\"https:\\\/\\\/polovnemasine.rs\\\/wp-content\\\/uploads\\\/2021\\\/12\\\/Logo-Apokalipsa-d.o.o-web.png\",\"width\":512,\"height\":512,\"caption\":\"Apokalipsa Ltd - Sremska Mitrovica\"},\"image\":{\"@id\":\"https:\\\/\\\/polovnemasine.rs\\\/sr\\\/#\\\/schema\\\/logo\\\/image\\\/\"},\"sameAs\":[\"https:\\\/\\\/www.facebook.com\\\/MarketingMasina\"]}]}<\/script>\n<!-- \/ Yoast SEO plugin. -->","yoast_head_json":{"title":"Kontakt karta geografskog polo\u017eaja preduze\u0107a Apokalipsa.","description":"Kontakt Apokalipsa d.o.o. Ma\u010dvanska Mitrovica, \u017darka Vu\u010dini\u0107a 32b - na lageru preko 2.500 polovnih ma\u0161ina, koje mo\u017eete isprobati u radu.","robots":{"index":"index","follow":"follow","max-snippet":"max-snippet:-1","max-image-preview":"max-image-preview:large","max-video-preview":"max-video-preview:-1"},"canonical":"https:\/\/polovnemasine.rs\/sr\/kontakt\/","og_locale":"sr_RS","og_type":"article","og_title":"Kontakt karta geografskog polo\u017eaja preduze\u0107a Apokalipsa.","og_description":"Kontakt Apokalipsa d.o.o. Ma\u010dvanska Mitrovica, \u017darka Vu\u010dini\u0107a 32b - na lageru preko 2.500 polovnih ma\u0161ina, koje mo\u017eete isprobati u radu.","og_url":"https:\/\/polovnemasine.rs\/sr\/kontakt\/","og_site_name":"Apokalipsa d.o.o.","article_publisher":"https:\/\/www.facebook.com\/MarketingMasina","article_modified_time":"2025-07-04T08:23:16+00:00","og_image":[{"width":710,"height":545,"url":"https:\/\/polovnemasine.rs\/wp-content\/uploads\/2021\/10\/Kontakt-Apokalipsa.jpg","type":"image\/jpeg"}],"twitter_card":"summary_large_image","twitter_misc":{"\u041f\u0440\u043e\u0446\u0435\u045a\u0435\u043d\u043e \u0432\u0440\u0435\u043c\u0435 \u0447\u0438\u0442\u0430\u045a\u0430":"1 \u043c\u0438\u043d\u0443\u0442"},"schema":{"@context":"https:\/\/schema.org","@graph":[{"@type":"WebPage","@id":"https:\/\/polovnemasine.rs\/sr\/kontakt\/","url":"https:\/\/polovnemasine.rs\/sr\/kontakt\/","name":"Kontakt karta geografskog polo\u017eaja preduze\u0107a Apokalipsa.","isPartOf":{"@id":"https:\/\/polovnemasine.rs\/sr\/#website"},"primaryImageOfPage":{"@id":"https:\/\/polovnemasine.rs\/sr\/kontakt\/#primaryimage"},"image":{"@id":"https:\/\/polovnemasine.rs\/sr\/kontakt\/#primaryimage"},"thumbnailUrl":"https:\/\/polovnemasine.rs\/wp-content\/uploads\/2021\/10\/Kontakt-Apokalipsa.jpg","datePublished":"2020-09-20T06:11:01+00:00","dateModified":"2025-07-04T08:23:16+00:00","description":"Kontakt Apokalipsa d.o.o. Ma\u010dvanska Mitrovica, \u017darka Vu\u010dini\u0107a 32b - na lageru preko 2.500 polovnih ma\u0161ina, koje mo\u017eete isprobati u radu.","breadcrumb":{"@id":"https:\/\/polovnemasine.rs\/sr\/kontakt\/#breadcrumb"},"inLanguage":"sr-RS","potentialAction":[{"@type":"ReadAction","target":["https:\/\/polovnemasine.rs\/sr\/kontakt\/"]}]},{"@type":"ImageObject","inLanguage":"sr-RS","@id":"https:\/\/polovnemasine.rs\/sr\/kontakt\/#primaryimage","url":"https:\/\/polovnemasine.rs\/wp-content\/uploads\/2021\/10\/Kontakt-Apokalipsa.jpg","contentUrl":"https:\/\/polovnemasine.rs\/wp-content\/uploads\/2021\/10\/Kontakt-Apokalipsa.jpg","width":710,"height":545,"caption":"Kontakt - Apokalipsa"},{"@type":"BreadcrumbList","@id":"https:\/\/polovnemasine.rs\/sr\/kontakt\/#breadcrumb","itemListElement":[{"@type":"ListItem","position":1,"name":"Po\u010detna","item":"https:\/\/polovnemasine.rs\/sr\/"},{"@type":"ListItem","position":2,"name":"Kontakt"}]},{"@type":"WebSite","@id":"https:\/\/polovnemasine.rs\/sr\/#website","url":"https:\/\/polovnemasine.rs\/sr\/","name":"Apokalipsa d.o.o.","description":"POLOVNE MA\u0160INE","publisher":{"@id":"https:\/\/polovnemasine.rs\/sr\/#organization"},"alternateName":"Polovne ma\u0161ine Srbija","potentialAction":[{"@type":"SearchAction","target":{"@type":"EntryPoint","urlTemplate":"https:\/\/polovnemasine.rs\/sr\/?s={search_term_string}"},"query-input":{"@type":"PropertyValueSpecification","valueRequired":true,"valueName":"search_term_string"}}],"inLanguage":"sr-RS"},{"@type":"Organization","@id":"https:\/\/polovnemasine.rs\/sr\/#organization","name":"Apokalipsa Ltd - Sremska Mitrovica","alternateName":"Polovne ma\u0161ine Srbija","url":"https:\/\/polovnemasine.rs\/sr\/","logo":{"@type":"ImageObject","inLanguage":"sr-RS","@id":"https:\/\/polovnemasine.rs\/sr\/#\/schema\/logo\/image\/","url":"https:\/\/polovnemasine.rs\/wp-content\/uploads\/2021\/12\/Logo-Apokalipsa-d.o.o-web.png","contentUrl":"https:\/\/polovnemasine.rs\/wp-content\/uploads\/2021\/12\/Logo-Apokalipsa-d.o.o-web.png","width":512,"height":512,"caption":"Apokalipsa Ltd - Sremska Mitrovica"},"image":{"@id":"https:\/\/polovnemasine.rs\/sr\/#\/schema\/logo\/image\/"},"sameAs":["https:\/\/www.facebook.com\/MarketingMasina"]}]}},"_links":{"self":[{"href":"https:\/\/polovnemasine.rs\/sr\/wp-json\/wp\/v2\/pages\/11156","targetHints":{"allow":["GET"]}}],"collection":[{"href":"https:\/\/polovnemasine.rs\/sr\/wp-json\/wp\/v2\/pages"}],"about":[{"href":"https:\/\/polovnemasine.rs\/sr\/wp-json\/wp\/v2\/types\/page"}],"author":[{"embeddable":true,"href":"https:\/\/polovnemasine.rs\/sr\/wp-json\/wp\/v2\/users\/2"}],"replies":[{"embeddable":true,"href":"https:\/\/polovnemasine.rs\/sr\/wp-json\/wp\/v2\/comments?post=11156"}],"version-history":[{"count":34,"href":"https:\/\/polovnemasine.rs\/sr\/wp-json\/wp\/v2\/pages\/11156\/revisions"}],"predecessor-version":[{"id":53305,"href":"https:\/\/polovnemasine.rs\/sr\/wp-json\/wp\/v2\/pages\/11156\/revisions\/53305"}],"wp:featuredmedia":[{"embeddable":true,"href":"https:\/\/polovnemasine.rs\/sr\/wp-json\/wp\/v2\/media\/53306"}],"wp:attachment":[{"href":"https:\/\/polovnemasine.rs\/sr\/wp-json\/wp\/v2\/media?parent=11156"}],"curies":[{"name":"wp","href":"https:\/\/api.w.org\/{rel}","templated":true}]}}